{"id":86,"date":"2025-06-25T07:58:13","date_gmt":"2025-06-25T11:58:13","guid":{"rendered":"https:\/\/checkup.do\/?page_id=86"},"modified":"2026-02-02T13:43:50","modified_gmt":"2026-02-02T17:43:50","slug":"planes","status":"publish","type":"page","link":"https:\/\/checkup.do\/?page_id=86","title":{"rendered":"Planes"},"content":{"rendered":"\n<div class=\"wp-block-group is-vertical is-layout-flex wp-container-core-group-is-layout-8cf370e7 wp-block-group-is-layout-flex\">\n<div class=\"wp-block-group is-vertical is-content-justification-stretch is-layout-flex wp-container-core-group-is-layout-b16ad781 wp-block-group-is-layout-flex\">\n<p>Con nuestro CHECK-UP podr\u00e1s realizarte una evaluaci\u00f3n m\u00e9dica completa y personalizada, que incluye laboratorios, estudios de im\u00e1genes diagn\u00f3sticas y evaluaci\u00f3n cardiovascular.<\/p>\n\n\n\n<p>Al finalizar tus ex\u00e1menes, tendr\u00e1s una consulta con un m\u00e9dico internista, quien realizar\u00e1 un examen f\u00edsico detallado, revisar\u00e1 tus resultados, evaluar\u00e1 tu condici\u00f3n de salud y te ofrecer\u00e1 recomendaciones personalizadas para mantenerte en bienestar.<\/p>\n\n\n\n<p>Recibir\u00e1s tu expediente m\u00e9dico completo, con todos los resultados, informes y recomendaciones profesionales.<\/p>\n\n\n\n<p><strong>Estudios de Im\u00e1genes Diagn\u00f3sticas:<\/strong><\/p>\n\n\n\n<p><\/p>\n\n\n\n<p><strong>Para Mujeres:<\/strong><\/p>\n\n\n\n<p>Radiograf\u00eda de T\u00f3rax<\/p>\n\n\n\n<p>Sonograf\u00eda Abdominal<\/p>\n\n\n\n<p>Sonograf\u00eda P\u00e9lvica<\/p>\n\n\n\n<p>Sonograf\u00eda de Tiroides<\/p>\n\n\n\n<p>Mamograf\u00eda<\/p>\n\n\n\n<p>Sonograf\u00eda mamaria<\/p>\n\n\n\n<p>Densitometr\u00eda \u00d3sea<\/p>\n\n\n\n<p><\/p>\n\n\n\n<p><strong>Para Hombres:<\/strong><\/p>\n\n\n\n<p>Radiograf\u00eda de T\u00f3rax<\/p>\n\n\n\n<p>Sonograf\u00eda Abdominal<\/p>\n\n\n\n<p>Sonograf\u00eda P\u00e9lvica \/ Prost\u00e1tica<\/p>\n\n\n\n<p>Sonograf\u00eda de Tiroides<\/p>\n\n\n\n<p><strong>Evaluaci\u00f3n Cardio-vascular:<\/strong><\/p>\n\n\n\n<p>Evaluaci\u00f3n cl\u00ednica integral por m\u00e9dico especialista<\/p>\n\n\n\n<p>Electrocardiograma<\/p>\n\n\n\n<p>Eco<\/p>\n\n\n\n<p>Laboratorio:<\/p>\n\n\n\n<p>Hemograma<\/p>\n\n\n\n<p>Glicemia<\/p>\n\n\n\n<p>Hemoglobina<\/p>\n\n\n\n<p>Glicosilada<\/p>\n\n\n\n<p>Creatinina<\/p>\n\n\n\n<p>BUN\/Urea<\/p>\n\n\n\n<p>Colesterol total<\/p>\n\n\n\n<p>Triglic\u00e9ridos<\/p>\n\n\n\n<p>HDL colesterol<\/p>\n\n\n\n<p>LDL colesterol<\/p>\n\n\n\n<p>Pruebas hep\u00e1ticas (SGPT y SGOP)<\/p>\n\n\n\n<p>TSH<\/p>\n\n\n\n<p>Electrolitos<\/p>\n\n\n\n<p>Coprol\u00f3gico<\/p>\n\n\n\n<p>Sangre oculta en heces<\/p>\n\n\n\n<p>Examen General de Orina<\/p>\n\n\n\n<p>PSA (Hombres)<\/p>\n\n\n\n<p>PSA libre<\/p>\n\n\n\n<p>Sodio<\/p>\n\n\n\n<p>Potasio<\/p>\n\n\n\n<p>Cloro<\/p>\n\n\n\n<p>Calcio<\/p>\n\n\n\n<p>Magnesio<\/p>\n\n\n\n<p>Vitamina D<\/p>\n\n\n\n<p class=\"has-medium-font-size\" style=\"font-style:normal;font-weight:200\"><\/p>\n<\/div>\n<\/div>\n","protected":false},"excerpt":{"rendered":"<p>Con nuestro CHECK-UP podr\u00e1s realizarte una evaluaci\u00f3n m\u00e9dica completa y personalizada, que incluye laboratorios, estudios de im\u00e1genes diagn\u00f3sticas y evaluaci\u00f3n cardiovascular. Al finalizar tus ex\u00e1menes, tendr\u00e1s una consulta con un m\u00e9dico internista, quien realizar\u00e1 un examen f\u00edsico detallado, revisar\u00e1 tus resultados, evaluar\u00e1 tu condici\u00f3n de salud y te ofrecer\u00e1 recomendaciones personalizadas para mantenerte en bienestar. [&hellip;]<\/p>\n","protected":false},"author":1,"featured_media":0,"parent":2,"menu_order":0,"comment_status":"closed","ping_status":"closed","template":"page-custom-about.php","meta":{"footnotes":""},"class_list":["post-86","page","type-page","status-publish","hentry"],"_links":{"self":[{"href":"https:\/\/checkup.do\/index.php?rest_route=\/wp\/v2\/pages\/86","targetHints":{"allow":["GET"]}}],"collection":[{"href":"https:\/\/checkup.do\/index.php?rest_route=\/wp\/v2\/pages"}],"about":[{"href":"https:\/\/checkup.do\/index.php?rest_route=\/wp\/v2\/types\/page"}],"author":[{"embeddable":true,"href":"https:\/\/checkup.do\/index.php?rest_route=\/wp\/v2\/users\/1"}],"replies":[{"embeddable":true,"href":"https:\/\/checkup.do\/index.php?rest_route=%2Fwp%2Fv2%2Fcomments&post=86"}],"version-history":[{"count":3,"href":"https:\/\/checkup.do\/index.php?rest_route=\/wp\/v2\/pages\/86\/revisions"}],"predecessor-version":[{"id":236,"href":"https:\/\/checkup.do\/index.php?rest_route=\/wp\/v2\/pages\/86\/revisions\/236"}],"up":[{"embeddable":true,"href":"https:\/\/checkup.do\/index.php?rest_route=\/wp\/v2\/pages\/2"}],"wp:attachment":[{"href":"https:\/\/checkup.do\/index.php?rest_route=%2Fwp%2Fv2%2Fmedia&parent=86"}],"curies":[{"name":"wp","href":"https:\/\/api.w.org\/{rel}","templated":true}]}}