{"id":80,"date":"2025-06-25T07:38:37","date_gmt":"2025-06-25T11:38:37","guid":{"rendered":"https:\/\/checkup.do\/?page_id=80"},"modified":"2026-02-02T12:21:35","modified_gmt":"2026-02-02T16:21:35","slug":"hombre","status":"publish","type":"page","link":"https:\/\/checkup.do\/?page_id=80","title":{"rendered":"Proceso"},"content":{"rendered":"\n<h2 class=\"wp-block-heading\"><\/h2>\n\n\n\n<ul class=\"wp-block-list\">\n<li><strong>\u00bfQuieres realizarte una evaluaci\u00f3n completa de salud?<\/strong><\/li>\n<\/ul>\n\n\n\n<ul class=\"wp-block-list\">\n<li><strong>\u00bfVives en EU y quieres venir a RD a tu evaluaci\u00f3n m\u00e9dica anual?<\/strong><\/li>\n<\/ul>\n\n\n\n<ul class=\"wp-block-list\">\n<li><strong>\u00bfQuieres realizarte una evaluaci\u00f3n general de salud, pero no tienes seguro m\u00e9dico y piensas que es muy costoso?<\/strong><\/li>\n<\/ul>\n\n\n\n<ul class=\"wp-block-list\">\n<li><strong>\u00bfTe gustar\u00eda aprovechar tus vacaciones para evaluar tu salud?<\/strong><\/li>\n<\/ul>\n\n\n\n<ul class=\"wp-block-list\">\n<li><strong>\u00bfQuieres ser atendido de manera personalizada y en mucho menor tiempo?<\/strong><\/li>\n<\/ul>\n\n\n\n<p>  CHECK-UP es nuestro exclusivo programa de salud preventiva para ti. Ha sido dise\u00f1ado para promover estilos de vida saludables a trav\u00e9s de la prevenci\u00f3n y el autocuidado.<\/p>\n\n\n\n<div class=\"wp-block-columns is-layout-flex wp-container-core-columns-is-layout-9d6595d7 wp-block-columns-is-layout-flex\">\n<div class=\"wp-block-column is-layout-flow wp-block-column-is-layout-flow\" style=\"flex-basis:100%\">\n<p>Mediante nuestro programa CHECK-UP podr\u00e1s realizarte una evaluaci\u00f3n m\u00e9dica completa personalizada que incluir\u00e1 laboratorios, estudios de im\u00e1genes diagn\u00f3sticas y evaluaci\u00f3n cardiovascular.\u00a0 Adem\u00e1s, tendr\u00e1s una consulta con un m\u00e9dico internista qui\u00e9n realizar\u00e1 el examen f\u00edsico, evaluaci\u00f3n completa y te dar\u00e1 a conocer tus resultados, tu condici\u00f3n de salud y las recomendaciones m\u00e9dicas que necesites para mantenerte saludable.<\/p>\n<\/div>\n<\/div>\n\n\n\n<p>Concluyendo los ex\u00e1menes m\u00e9dicos recibir\u00e1s tu expediente completo con todos los resultados de laboratorio, estudios realizados y recomendaciones m\u00e9dicas.<\/p>\n\n\n\n<p><\/p>\n\n\n\n<ul class=\"wp-block-list\">\n<li><strong>\u00bfC\u00f3mo puedo obtener informaci\u00f3n de costos y realizar mi cita?<\/strong><\/li>\n<\/ul>\n\n\n\n<p>  Solo tienes que llamar al +1(809)583-3520 o escr\u00edbenos v\u00eda Whatapp al +1(809)654-7711 solicitando toda la informaci\u00f3n que necesites de tu pr\u00f3ximo CHECK-UP.<\/p>\n\n\n\n<ul class=\"wp-block-list\">\n<li>  P<strong>aso a paso:<\/strong><\/li>\n<\/ul>\n\n\n\n<ol class=\"wp-block-list\">\n<li>Agenda tu cita<br>V\u00eda tel\u00e9fono o WhatsApp.<\/li>\n\n\n\n<li>Realiza tus estudios<br>Laboratorios, im\u00e1genes y electrocardiograma.<\/li>\n\n\n\n<li>Consulta m\u00e9dica<br>Evaluaci\u00f3n con internista y revisi\u00f3n de resultados.<\/li>\n\n\n\n<li>Recibe tu expediente completo<br>Con informes, resultados y recomendaciones.<\/li>\n\n\n\n<li>Seguimiento<br>Programaci\u00f3n de estudios adicionales si se requieren.<\/li>\n<\/ol>\n","protected":false},"excerpt":{"rendered":"<p>CHECK-UP es nuestro exclusivo programa de salud preventiva para ti. Ha sido dise\u00f1ado para promover estilos de vida saludables a trav\u00e9s de la prevenci\u00f3n y el autocuidado. Mediante nuestro programa CHECK-UP podr\u00e1s realizarte una evaluaci\u00f3n m\u00e9dica completa personalizada que incluir\u00e1 laboratorios, estudios de im\u00e1genes diagn\u00f3sticas y evaluaci\u00f3n cardiovascular.\u00a0 Adem\u00e1s, tendr\u00e1s una consulta con un m\u00e9dico [&hellip;]<\/p>\n","protected":false},"author":1,"featured_media":0,"parent":2,"menu_order":0,"comment_status":"closed","ping_status":"closed","template":"page-custom-about.php","meta":{"footnotes":""},"class_list":["post-80","page","type-page","status-publish","hentry"],"_links":{"self":[{"href":"https:\/\/checkup.do\/index.php?rest_route=\/wp\/v2\/pages\/80","targetHints":{"allow":["GET"]}}],"collection":[{"href":"https:\/\/checkup.do\/index.php?rest_route=\/wp\/v2\/pages"}],"about":[{"href":"https:\/\/checkup.do\/index.php?rest_route=\/wp\/v2\/types\/page"}],"author":[{"embeddable":true,"href":"https:\/\/checkup.do\/index.php?rest_route=\/wp\/v2\/users\/1"}],"replies":[{"embeddable":true,"href":"https:\/\/checkup.do\/index.php?rest_route=%2Fwp%2Fv2%2Fcomments&post=80"}],"version-history":[{"count":2,"href":"https:\/\/checkup.do\/index.php?rest_route=\/wp\/v2\/pages\/80\/revisions"}],"predecessor-version":[{"id":232,"href":"https:\/\/checkup.do\/index.php?rest_route=\/wp\/v2\/pages\/80\/revisions\/232"}],"up":[{"embeddable":true,"href":"https:\/\/checkup.do\/index.php?rest_route=\/wp\/v2\/pages\/2"}],"wp:attachment":[{"href":"https:\/\/checkup.do\/index.php?rest_route=%2Fwp%2Fv2%2Fmedia&parent=80"}],"curies":[{"name":"wp","href":"https:\/\/api.w.org\/{rel}","templated":true}]}}